{"id":146,"date":"2022-02-14T07:59:50","date_gmt":"2022-02-14T07:59:50","guid":{"rendered":"https:\/\/seltas.com\/about\/"},"modified":"2022-04-19T19:08:49","modified_gmt":"2022-04-19T19:08:49","slug":"tel-cekme-haddeleri","status":"publish","type":"page","link":"https:\/\/seltas.com\/en\/tel-cekme-haddeleri\/","title":{"rendered":"WIRE DRAWING DIES"},"content":{"rendered":"WIRE DRAWING DIES\n<p>Filma\u015fin tellerin incelmesinde kullan\u0131lan haddelerdir.Ana \u00fcr\u00fcn tungsten karb\u00fcr olan malzemelerdir.Firmam\u0131z 0,15mm den 12mm ye kadar i\u00e7 \u00f6l\u00e7\u00fclerinde imalat yapabilmektedir. Standart  ISO1684 normlar\u0131na g\u00f6re olan \u00fcretim hatt\u0131m\u0131z, gerekti\u011finde m\u00fc\u015fterinin tealp ve ihtya\u00e7lar\u0131 do\u011frultusunda \u00f6zel imalat da yapmaktad\u0131r.\nKullan\u0131m yerleri, Demir, \u00e7elik,bak\u0131r, pirin\u00e7i aliminyum ve benzeri metal ve bimetal r\u00fcnlerin \u015fekillendirilmesi&#8230;\n\n<\/p>\n\n\n\nn\n\n\n\n\n<h6>Selta\u015f Hadde&#8217;nin t\u00fcm \u00fcr\u00fcnleri gibi bu \u00fcr\u00fcnler de en y\u00fcksek kalite ve hassasiyet standartlar\u0131yla \u00fcretilmektedir. Taleplerinize g\u00f6re imalat yap\u0131labilmektedir.<\/h6>","protected":false},"excerpt":{"rendered":"","protected":false},"author":1,"featured_media":0,"parent":0,"menu_order":0,"comment_status":"closed","ping_status":"closed","template":"","meta":{"_monsterinsights_skip_tracking":false,"_monsterinsights_sitenote_active":false,"_monsterinsights_sitenote_note":"","_monsterinsights_sitenote_category":0,"footnotes":""},"class_list":["post-146","page","type-page","status-publish","hentry"],"_links":{"self":[{"href":"https:\/\/seltas.com\/en\/wp-json\/wp\/v2\/pages\/146","targetHints":{"allow":["GET"]}}],"collection":[{"href":"https:\/\/seltas.com\/en\/wp-json\/wp\/v2\/pages"}],"about":[{"href":"https:\/\/seltas.com\/en\/wp-json\/wp\/v2\/types\/page"}],"author":[{"embeddable":true,"href":"https:\/\/seltas.com\/en\/wp-json\/wp\/v2\/users\/1"}],"replies":[{"embeddable":true,"href":"https:\/\/seltas.com\/en\/wp-json\/wp\/v2\/comments?post=146"}],"version-history":[{"count":8,"href":"https:\/\/seltas.com\/en\/wp-json\/wp\/v2\/pages\/146\/revisions"}],"predecessor-version":[{"id":752,"href":"https:\/\/seltas.com\/en\/wp-json\/wp\/v2\/pages\/146\/revisions\/752"}],"wp:attachment":[{"href":"https:\/\/seltas.com\/en\/wp-json\/wp\/v2\/media?parent=146"}],"curies":[{"name":"wp","href":"https:\/\/api.w.org\/{rel}","templated":true}]}}