{"id":188,"date":"2022-02-14T08:44:12","date_gmt":"2022-02-14T08:44:12","guid":{"rendered":"https:\/\/seltas.com\/about\/"},"modified":"2022-04-19T19:18:32","modified_gmt":"2022-04-19T19:18:32","slug":"boru-cekme-haddeleri","status":"publish","type":"page","link":"https:\/\/seltas.com\/en\/boru-cekme-haddeleri\/","title":{"rendered":"TUBES DRAWING DIES"},"content":{"rendered":"BORU \u00c7EKME HADDELER\u0130\nMetal borular\u0131n \u015fekillendirilmesi, \u00e7elik gibi \u00e7ekim yap\u0131lsa da, bu imalat durumunda farkl\u0131 geometrideki haddelerin kullan\u0131lmas\u0131 gerekir. Uzun y\u0131llard\u0131r s\u00fcren gelen bilgi ve tecr\u00fcbemizle m\u00fc\u015fterilerimizin kullanca\u011f\u0131 en uygun boru \u00e7ekme haddelerini sunmaya devam ediyoruz.\nKullan\u0131m yerleri, Demir, \u00e7elik,bak\u0131r, pirin\u00e7i aliminyum ve benzeri metal ve bimetal boru r\u00fcnlerin \u015fekillendirilmesi&#8230;\n\n\n\n\nn\n\n\n\n\n\n<h6>Selta\u015f Hadde&#8217;nin t\u00fcm \u00fcr\u00fcnleri gibi bu \u00fcr\u00fcnler de en y\u00fcksek kalite ve hassasiyet standartlar\u0131yla \u00fcretilmektedir. Taleplerinize g\u00f6re imalat yap\u0131labilmektedir.<\/h6>","protected":false},"excerpt":{"rendered":"","protected":false},"author":1,"featured_media":0,"parent":0,"menu_order":0,"comment_status":"closed","ping_status":"closed","template":"","meta":{"_monsterinsights_skip_tracking":false,"_monsterinsights_sitenote_active":false,"_monsterinsights_sitenote_note":"","_monsterinsights_sitenote_category":0,"footnotes":""},"class_list":["post-188","page","type-page","status-publish","hentry"],"_links":{"self":[{"href":"https:\/\/seltas.com\/en\/wp-json\/wp\/v2\/pages\/188","targetHints":{"allow":["GET"]}}],"collection":[{"href":"https:\/\/seltas.com\/en\/wp-json\/wp\/v2\/pages"}],"about":[{"href":"https:\/\/seltas.com\/en\/wp-json\/wp\/v2\/types\/page"}],"author":[{"embeddable":true,"href":"https:\/\/seltas.com\/en\/wp-json\/wp\/v2\/users\/1"}],"replies":[{"embeddable":true,"href":"https:\/\/seltas.com\/en\/wp-json\/wp\/v2\/comments?post=188"}],"version-history":[{"count":8,"href":"https:\/\/seltas.com\/en\/wp-json\/wp\/v2\/pages\/188\/revisions"}],"predecessor-version":[{"id":757,"href":"https:\/\/seltas.com\/en\/wp-json\/wp\/v2\/pages\/188\/revisions\/757"}],"wp:attachment":[{"href":"https:\/\/seltas.com\/en\/wp-json\/wp\/v2\/media?parent=188"}],"curies":[{"name":"wp","href":"https:\/\/api.w.org\/{rel}","templated":true}]}}