{"id":191,"date":"2022-02-14T08:44:37","date_gmt":"2022-02-14T08:44:37","guid":{"rendered":"https:\/\/seltas.com\/about\/"},"modified":"2022-04-19T19:17:59","modified_gmt":"2022-04-19T19:17:59","slug":"celik-cekme-haddeleri","status":"publish","type":"page","link":"https:\/\/seltas.com\/en\/celik-cekme-haddeleri\/","title":{"rendered":"BAR DRAWING DIES"},"content":{"rendered":"BAR DRAWING DIES\n<p>Those items are used in bar and rod drawing in single stage operations. Our working range is up to round 120mm.Standart production in ISO and DIN norms as well as customer demand. According to material and  drawing methods, we apply better Tunsgten carbide grade to best drawing die efforts.<\/p>\n\n\n\n\nn\n\n\n\n\n\n<h6>Selta\u015f Hadde&#8217;nin t\u00fcm \u00fcr\u00fcnleri gibi bu \u00fcr\u00fcnler de en y\u00fcksek kalite ve hassasiyet standartlar\u0131yla \u00fcretilmektedir. Taleplerinize g\u00f6re imalat yap\u0131labilmektedir.<br><\/h6>","protected":false},"excerpt":{"rendered":"","protected":false},"author":1,"featured_media":0,"parent":0,"menu_order":0,"comment_status":"closed","ping_status":"closed","template":"","meta":{"_monsterinsights_skip_tracking":false,"_monsterinsights_sitenote_active":false,"_monsterinsights_sitenote_note":"","_monsterinsights_sitenote_category":0,"footnotes":""},"class_list":["post-191","page","type-page","status-publish","hentry"],"_links":{"self":[{"href":"https:\/\/seltas.com\/en\/wp-json\/wp\/v2\/pages\/191","targetHints":{"allow":["GET"]}}],"collection":[{"href":"https:\/\/seltas.com\/en\/wp-json\/wp\/v2\/pages"}],"about":[{"href":"https:\/\/seltas.com\/en\/wp-json\/wp\/v2\/types\/page"}],"author":[{"embeddable":true,"href":"https:\/\/seltas.com\/en\/wp-json\/wp\/v2\/users\/1"}],"replies":[{"embeddable":true,"href":"https:\/\/seltas.com\/en\/wp-json\/wp\/v2\/comments?post=191"}],"version-history":[{"count":8,"href":"https:\/\/seltas.com\/en\/wp-json\/wp\/v2\/pages\/191\/revisions"}],"predecessor-version":[{"id":756,"href":"https:\/\/seltas.com\/en\/wp-json\/wp\/v2\/pages\/191\/revisions\/756"}],"wp:attachment":[{"href":"https:\/\/seltas.com\/en\/wp-json\/wp\/v2\/media?parent=191"}],"curies":[{"name":"wp","href":"https:\/\/api.w.org\/{rel}","templated":true}]}}