{"id":194,"date":"2022-02-14T08:45:21","date_gmt":"2022-02-14T08:45:21","guid":{"rendered":"https:\/\/seltas.com\/about\/"},"modified":"2022-04-19T19:19:04","modified_gmt":"2022-04-19T19:19:04","slug":"boru-malafa-ve-ic-haddeleri","status":"publish","type":"page","link":"https:\/\/seltas.com\/en\/boru-malafa-ve-ic-haddeleri\/","title":{"rendered":"MANDRELS AND FLOATING DIES FOR TUBES"},"content":{"rendered":"MANDRELS AND FLOATING DIES FOR TUBES\n<p>Boru metallerin \u00e7ekimi s\u0131ras\u0131nda \u00f6l\u00e7\u00fc hassasiyeti ve borunun et kal\u0131nl\u0131\u011f\u0131n\u0131 ayarlamak i\u00e7in kullan\u0131lan \u00fcr\u00fcnlerimizdir. D\u00fcz Demir \u00e7elik borularda bir tutucuya ba\u011flanan malafa, kangal formdaki \u00fcr\u00fcnler serbest halde  i\u00e7 haddeler  kullan\u0131l\u0131r.malafa ve i\u00e7 haddeler de yuvarlak veya \u00f6zel \u015fekil olarak imalat yapabilmekteyiz.\n\n\n\n\nn\n\n\n\n\n\n<h6>Taleplerinize ve kullan\u0131m alanlar\u0131n\u0131z g\u00f6z \u00f6n\u00fcnde bulundurularak istenilen \u00e7apta boru malafa ve i\u00e7 hadde imalat yap\u0131labilmektedir.<\/h6>","protected":false},"excerpt":{"rendered":"","protected":false},"author":1,"featured_media":0,"parent":0,"menu_order":0,"comment_status":"closed","ping_status":"closed","template":"","meta":{"_monsterinsights_skip_tracking":false,"_monsterinsights_sitenote_active":false,"_monsterinsights_sitenote_note":"","_monsterinsights_sitenote_category":0,"footnotes":""},"class_list":["post-194","page","type-page","status-publish","hentry"],"_links":{"self":[{"href":"https:\/\/seltas.com\/en\/wp-json\/wp\/v2\/pages\/194","targetHints":{"allow":["GET"]}}],"collection":[{"href":"https:\/\/seltas.com\/en\/wp-json\/wp\/v2\/pages"}],"about":[{"href":"https:\/\/seltas.com\/en\/wp-json\/wp\/v2\/types\/page"}],"author":[{"embeddable":true,"href":"https:\/\/seltas.com\/en\/wp-json\/wp\/v2\/users\/1"}],"replies":[{"embeddable":true,"href":"https:\/\/seltas.com\/en\/wp-json\/wp\/v2\/comments?post=194"}],"version-history":[{"count":7,"href":"https:\/\/seltas.com\/en\/wp-json\/wp\/v2\/pages\/194\/revisions"}],"predecessor-version":[{"id":758,"href":"https:\/\/seltas.com\/en\/wp-json\/wp\/v2\/pages\/194\/revisions\/758"}],"wp:attachment":[{"href":"https:\/\/seltas.com\/en\/wp-json\/wp\/v2\/media?parent=194"}],"curies":[{"name":"wp","href":"https:\/\/api.w.org\/{rel}","templated":true}]}}