{"id":203,"date":"2022-02-14T08:47:17","date_gmt":"2022-02-14T08:47:17","guid":{"rendered":"https:\/\/seltas.com\/about\/"},"modified":"2022-04-19T19:19:28","modified_gmt":"2022-04-19T19:19:28","slug":"ozel-sekilli-cekme-hadde","status":"publish","type":"page","link":"https:\/\/seltas.com\/en\/ozel-sekilli-cekme-hadde\/","title":{"rendered":"\u00d6ZEL \u015eEK\u0130LL\u0130 \u00c7EKME HADDE"},"content":{"rendered":"\u00d6ZEL \u015eEK\u0130LL\u0130 \u00c7EKME HADDELER\nYuvarlak \u00e7ekim d\u0131\u015f\u0131ndaki t\u00fcm geometrik \u00f6l\u00e7\u00fcler i\u00e7in, \u00f6rne\u011fin Alt\u0131k\u00f6\u015fe, kare, dikd\u00f6rtgen gibi basit \u015fekiller ile daha karma\u015f\u0131k geometrileri, hassas bir \u015fekilde imal ederek m\u00fc\u015fterilerimize sunmaktay\u0131z.\nBu tip \u00fcr\u00fcnlerin imali i\u00e7in gerekli olan deneyim ve bilgi sayesinde, \u00fcr\u00fcnlerimiz sorunsuz bir \u015fekilde i\u015flevlerini yerine getirmektedir.\n\n\n\n\nn\n\n\n\n\n\n\n<h6>Selta\u015f Hadde&#8217;nin t\u00fcm \u00fcr\u00fcnleri gibi bu \u00fcr\u00fcnler de en y\u00fcksek kalite ve hassasiyet standartlar\u0131yla \u00fcretilmektedir. Taleplerinize g\u00f6re imalat yap\u0131labilmektedir.<\/h6>","protected":false},"excerpt":{"rendered":"","protected":false},"author":1,"featured_media":0,"parent":0,"menu_order":0,"comment_status":"closed","ping_status":"closed","template":"","meta":{"_monsterinsights_skip_tracking":false,"_monsterinsights_sitenote_active":false,"_monsterinsights_sitenote_note":"","_monsterinsights_sitenote_category":0,"footnotes":""},"class_list":["post-203","page","type-page","status-publish","hentry"],"_links":{"self":[{"href":"https:\/\/seltas.com\/en\/wp-json\/wp\/v2\/pages\/203","targetHints":{"allow":["GET"]}}],"collection":[{"href":"https:\/\/seltas.com\/en\/wp-json\/wp\/v2\/pages"}],"about":[{"href":"https:\/\/seltas.com\/en\/wp-json\/wp\/v2\/types\/page"}],"author":[{"embeddable":true,"href":"https:\/\/seltas.com\/en\/wp-json\/wp\/v2\/users\/1"}],"replies":[{"embeddable":true,"href":"https:\/\/seltas.com\/en\/wp-json\/wp\/v2\/comments?post=203"}],"version-history":[{"count":7,"href":"https:\/\/seltas.com\/en\/wp-json\/wp\/v2\/pages\/203\/revisions"}],"predecessor-version":[{"id":759,"href":"https:\/\/seltas.com\/en\/wp-json\/wp\/v2\/pages\/203\/revisions\/759"}],"wp:attachment":[{"href":"https:\/\/seltas.com\/en\/wp-json\/wp\/v2\/media?parent=203"}],"curies":[{"name":"wp","href":"https:\/\/api.w.org\/{rel}","templated":true}]}}