{"id":209,"date":"2022-02-14T08:48:29","date_gmt":"2022-02-14T08:48:29","guid":{"rendered":"https:\/\/seltas.com\/about\/"},"modified":"2022-04-19T19:21:02","modified_gmt":"2022-04-19T19:21:02","slug":"bukum-ve-dogrultma-haddeleri","status":"publish","type":"page","link":"https:\/\/seltas.com\/en\/bukum-ve-dogrultma-haddeleri\/","title":{"rendered":"B\u00dcK\u00dcM VE DO\u011eRULTMA HADDELER\u0130"},"content":{"rendered":"\u00d6ZEL HADDE VE FORM KALIPLARI\n\u00c7ekme haddeleri d\u0131\u015f\u0131nda da tunsgten karb\u00fcr\u00fcn \u00e7ok geni\u015f kullan\u0131m yeri mevcuttur. Firmam\u0131z 1970 den beri d\u00fcnyan\u0131n en sert ikinci malzemesi ile ilgili imalat ve sat\u0131\u015f\u0131n\u0131 yapmaktad\u0131r. Tel do\u011frultma kal\u0131plar\u0131,Form kal\u0131plar\u0131, s\u0131vama kal\u0131plar\u0131 ,rediksiyon, B\u00fck\u00fcm (kompaklama) haddeleri gibi saymakla bitmeyecek tungsten karb\u00fcr\u00fcn kullan\u0131ld\u0131\u011f\u0131 her alanda yard\u0131mc\u0131 ve hizmet veriyoruz.\n\n\n\n\nn\n\n\n\n\n\n\n<h6>Selta\u015f Hadde&#8217;nin t\u00fcm \u00fcr\u00fcnleri gibi bu \u00fcr\u00fcnler de en y\u00fcksek kalite ve hassasiyet standartlar\u0131yla \u00fcretilmektedir. Taleplerinize g\u00f6re imalat yap\u0131labilmektedir.<\/h6>","protected":false},"excerpt":{"rendered":"","protected":false},"author":1,"featured_media":0,"parent":0,"menu_order":0,"comment_status":"closed","ping_status":"closed","template":"","meta":{"_monsterinsights_skip_tracking":false,"_monsterinsights_sitenote_active":false,"_monsterinsights_sitenote_note":"","_monsterinsights_sitenote_category":0,"footnotes":""},"class_list":["post-209","page","type-page","status-publish","hentry"],"_links":{"self":[{"href":"https:\/\/seltas.com\/en\/wp-json\/wp\/v2\/pages\/209","targetHints":{"allow":["GET"]}}],"collection":[{"href":"https:\/\/seltas.com\/en\/wp-json\/wp\/v2\/pages"}],"about":[{"href":"https:\/\/seltas.com\/en\/wp-json\/wp\/v2\/types\/page"}],"author":[{"embeddable":true,"href":"https:\/\/seltas.com\/en\/wp-json\/wp\/v2\/users\/1"}],"replies":[{"embeddable":true,"href":"https:\/\/seltas.com\/en\/wp-json\/wp\/v2\/comments?post=209"}],"version-history":[{"count":9,"href":"https:\/\/seltas.com\/en\/wp-json\/wp\/v2\/pages\/209\/revisions"}],"predecessor-version":[{"id":762,"href":"https:\/\/seltas.com\/en\/wp-json\/wp\/v2\/pages\/209\/revisions\/762"}],"wp:attachment":[{"href":"https:\/\/seltas.com\/en\/wp-json\/wp\/v2\/media?parent=209"}],"curies":[{"name":"wp","href":"https:\/\/api.w.org\/{rel}","templated":true}]}}