{"id":212,"date":"2022-02-14T08:48:55","date_gmt":"2022-02-14T08:48:55","guid":{"rendered":"https:\/\/seltas.com\/about\/"},"modified":"2022-04-19T19:21:51","modified_gmt":"2022-04-19T19:21:51","slug":"yardimci-urunler","status":"publish","type":"page","link":"https:\/\/seltas.com\/en\/yardimci-urunler\/","title":{"rendered":"ACCOSORIES AND TOOLS"},"content":{"rendered":"YARDIMCI \u00dcR\u00dcNLER\nHadde veya kal\u0131plar\u0131n bak\u0131m\u0131 \u00f6l\u00e7\u00fc b\u00fcy\u00fctmesi gibi i\u015flemlerde kullanmak \u00fczere ihtiya\u00e7 duyulan malzeme ve \u00fcr\u00fcnlerin tedari\u011fi i\u00e7in kaliteli ve uygun bir \u015fekilde firmam\u0131zdan sa\u011flayabilirsiniz.\nBunlar\u0131n en ba\u015f\u0131nda elmas veya PCD parlatma macunlar\u0131, a\u015f\u0131nd\u0131r\u0131clar, elmas e\u011feler, ta\u015flama \u00fcr\u00fcnleri ,tetrabor, temizlik aparatlar\u0131 gibi \u00fcr\u00fcnleri stoktan teslim ediyoruz. Ayr\u0131ca, b\u00fcnyenizde bak\u0131m atolye kurmak i\u00e7inde yard\u0131m ediyoruz.\n\n\n\n\nn\n\n\n\n\n\n\n<h6>Selta\u015f Hadde&#8217;nin t\u00fcm \u00fcr\u00fcnleri gibi bu \u00fcr\u00fcnler de en y\u00fcksek kalite ve hassasiyet standartlar\u0131yla \u00fcretilmektedir. Taleplerinize g\u00f6re imalat yap\u0131labilmektedir.<\/h6>","protected":false},"excerpt":{"rendered":"","protected":false},"author":1,"featured_media":0,"parent":0,"menu_order":0,"comment_status":"closed","ping_status":"closed","template":"","meta":{"_monsterinsights_skip_tracking":false,"_monsterinsights_sitenote_active":false,"_monsterinsights_sitenote_note":"","_monsterinsights_sitenote_category":0,"footnotes":""},"class_list":["post-212","page","type-page","status-publish","hentry"],"_links":{"self":[{"href":"https:\/\/seltas.com\/en\/wp-json\/wp\/v2\/pages\/212","targetHints":{"allow":["GET"]}}],"collection":[{"href":"https:\/\/seltas.com\/en\/wp-json\/wp\/v2\/pages"}],"about":[{"href":"https:\/\/seltas.com\/en\/wp-json\/wp\/v2\/types\/page"}],"author":[{"embeddable":true,"href":"https:\/\/seltas.com\/en\/wp-json\/wp\/v2\/users\/1"}],"replies":[{"embeddable":true,"href":"https:\/\/seltas.com\/en\/wp-json\/wp\/v2\/comments?post=212"}],"version-history":[{"count":10,"href":"https:\/\/seltas.com\/en\/wp-json\/wp\/v2\/pages\/212\/revisions"}],"predecessor-version":[{"id":764,"href":"https:\/\/seltas.com\/en\/wp-json\/wp\/v2\/pages\/212\/revisions\/764"}],"wp:attachment":[{"href":"https:\/\/seltas.com\/en\/wp-json\/wp\/v2\/media?parent=212"}],"curies":[{"name":"wp","href":"https:\/\/api.w.org\/{rel}","templated":true}]}}