{"id":43,"date":"2022-02-07T12:44:30","date_gmt":"2022-02-07T12:44:30","guid":{"rendered":"https:\/\/seltas.com\/about\/"},"modified":"2022-03-17T09:46:12","modified_gmt":"2022-03-17T09:46:12","slug":"hakkimizda","status":"publish","type":"page","link":"https:\/\/seltas.com\/en\/hakkimizda\/","title":{"rendered":"ABOUT US"},"content":{"rendered":"<h4>D\u00fcnden bug\u00fcne&#8230;<\/h4>\n\n<p><strong>\n\n1969<\/strong> The company of ours going into action <strong>in a tiny atelier by Selahittin Ta\u015f in 1969<\/strong> continued its operations as a sole trader until 2008. By aiming at growing and advancing after 2008 <strong>; it conducted its activities<\/strong> as a Private Company.\n<\/p>\n<p>\nThe company aligned itself with the quality products and the philosophy of good service from the very first day of its professional<strong> journey and took its steps accordingly. It still remains on its service with its well-educated and experienced staff. It has<\/strong> crescively drawn on its targets at the end of previous years of establishment. <\/p>\n<p>. <\/p>\n\n\n\n\n\n\n\n\n\n\n\n\n\n<p>We set sight on the altering necessities of our customers in full awareness and delivering them by generating the most creative solutions with our flexible service concept, respecting the environment and also attaching great importance to human resources.<\/p>\n\n\n<p>\u0130\u015fimizi bir b\u00fct\u00fcn olarak t\u00fcm detaylar\u0131 ile &#8220;M\u00dcKEMMEL&#8221; yapmak, M\u00fc\u015fterilerimizi &#8220;KO\u015eULSUZ MEMNUN ETMEK&#8221;, Etik De\u011ferleri&#8221;ne y\u00fczde y\u00fcz ba\u011fl\u0131 olmak, Kendimizi ve ekibimizi s\u00fcrekli &#8220;GEL\u0130\u015eT\u0130RMEK&#8221;, Markam\u0131z\u0131n itibar ve prestijini s\u00fcrekli olarak &#8220;Y\u00dcCELTMEK&#8221;.<\/p>\n\n\n<p>Blending the leadership responsibilities and the mighty technical heritage in the sector with the high manufacturing capacity; conducting all the process from designing up to the stages of manufacturing and delivery  constitute our targets.<\/p>","protected":false},"excerpt":{"rendered":"","protected":false},"author":1,"featured_media":0,"parent":0,"menu_order":0,"comment_status":"closed","ping_status":"closed","template":"","meta":{"_monsterinsights_skip_tracking":false,"_monsterinsights_sitenote_active":false,"_monsterinsights_sitenote_note":"","_monsterinsights_sitenote_category":0,"footnotes":""},"class_list":["post-43","page","type-page","status-publish","hentry"],"_links":{"self":[{"href":"https:\/\/seltas.com\/en\/wp-json\/wp\/v2\/pages\/43","targetHints":{"allow":["GET"]}}],"collection":[{"href":"https:\/\/seltas.com\/en\/wp-json\/wp\/v2\/pages"}],"about":[{"href":"https:\/\/seltas.com\/en\/wp-json\/wp\/v2\/types\/page"}],"author":[{"embeddable":true,"href":"https:\/\/seltas.com\/en\/wp-json\/wp\/v2\/users\/1"}],"replies":[{"embeddable":true,"href":"https:\/\/seltas.com\/en\/wp-json\/wp\/v2\/comments?post=43"}],"version-history":[{"count":18,"href":"https:\/\/seltas.com\/en\/wp-json\/wp\/v2\/pages\/43\/revisions"}],"predecessor-version":[{"id":606,"href":"https:\/\/seltas.com\/en\/wp-json\/wp\/v2\/pages\/43\/revisions\/606"}],"wp:attachment":[{"href":"https:\/\/seltas.com\/en\/wp-json\/wp\/v2\/media?parent=43"}],"curies":[{"name":"wp","href":"https:\/\/api.w.org\/{rel}","templated":true}]}}