{"id":99,"date":"2022-02-11T19:29:49","date_gmt":"2022-02-11T19:29:49","guid":{"rendered":"https:\/\/seltas.com\/service\/"},"modified":"2022-04-19T19:31:14","modified_gmt":"2022-04-19T19:31:14","slug":"urunlerimiz","status":"publish","type":"page","link":"https:\/\/seltas.com\/en\/urunlerimiz\/","title":{"rendered":"PRODUCTS"},"content":{"rendered":"<h1>\n\n\n\n\n\n\n\n\n\nPRODUCTS<\/h1>\n\n<p style=\"text-align: center;\"><strong>As Selta\u015f Rolling Mill,<\/strong> several products and materials required in the sector are formed by us.&nbsp;<\/p>\n\n\n\n\nFilma\u015fin tellerin incelmesinde kullan\u0131lan haddelerdir. Ana \u00fcr\u00fcn tungsten karb\u00fcr olan malzemelerdir. Firmam\u0131z 0,15mm den 12mm ye kadar i\u00e7 \u00f6l\u00e7\u00fclerinde imalat yapabilmektedir&#8230;\n\n\nFilma\u015fin tellerin incelmesinde kullan\u0131lan haddelerdir.Ana \u00fcr\u00fcn do\u011fal elmas,sentetik elmas veya nano elmas olan malzemelerdir. Firmam\u0131z 0,10mm den 12mm&#8230;\n\n\nMetallerin,tek operasyon olarak  \u015fekillendirmesinde kullan\u0131lan \u00fcr\u00fcnlerdir. Firmam\u0131z 6mm den 120mm kadar olan yuvarlak \u00f6l\u00e7\u00fclerde imalat yapmakt\u0131r. DIN ve ISO standartlarda&#8230;\n\n\n\n\nMetal borular\u0131n \u015fekillendirilmesi, \u00e7elik gibi \u00e7ekim yap\u0131lsa da, bu imalat durumunda farkl\u0131 geometrideki haddelerin kullan\u0131lmas\u0131 gerekir. Uzun y\u0131llard\u0131r s\u00fcren gelen bilgi ve tecr\u00fcbemizle m\u00fc\u015fterilerimizin kullanca\u011f\u0131 en uygun&#8230;\n\n\nBoru metallerin \u00e7ekimi s\u0131ras\u0131nda \u00f6l\u00e7\u00fc hassasiyeti ve borunun et kal\u0131nl\u0131\u011f\u0131n\u0131 ayarlamak i\u00e7in kullan\u0131lan \u00fcr\u00fcnlerimizdir. D\u00fcz Demir \u00e7elik borularda bir tutucuya ba\u011flanan malafa, kangal formdaki&#8230;\n\n\nYuvarlak \u00e7ekim d\u0131\u015f\u0131ndaki t\u00fcm geometrik \u00f6l\u00e7\u00fcler i\u00e7in, \u00f6rne\u011fin Alt\u0131k\u00f6\u015fe, kare, dikd\u00f6rtgen gibi basit \u015fekiller ile daha karma\u015f\u0131k geometrileri, hassas bir \u015fekilde imal ederek m\u00fc\u015fterilerimize sunmaktay\u0131z.\n\n\n\n\nPirin\u00e7,bak\u0131r gibi s\u0131cak formda presleme y\u00f6ntemi ile yap\u0131lan i\u015flemlerde kullan\u0131lan haddelerdir. tungsten karb\u00fcr, inconel benzeri fakl\u0131 \u00e7ekirdek yap\u0131lar\u0131 ile haz\u0131rlanan haddeler, sicak i\u015f \u00e7eliklerinden daha verimli \u00e7al\u0131\u015farak,\n\n\nEktrisyon imalinde, tellerin plastik t\u00fcr\u00fc malzeme ile kaplanarak \u00e7ekilmesinde kullan\u0131l\u0131r. En yayg\u0131n kullan\u0131lam\u0131  yerleri elektrik kablolar\u0131  ve \u00e7it imalat\u0131&#8230;\n\n\n\u00c7ekme haddeleri d\u0131\u015f\u0131nda da tunsgten karb\u00fcr\u00fcn \u00e7ok geni\u015f kullan\u0131m yeri mevcuttur. Firmam\u0131z 1970 den beri d\u00fcnyan\u0131n en sert ikinci malzemesi ile ilgili&nbsp;\n\n\n\n\nHadde veya kal\u0131plar\u0131n bak\u0131m\u0131 \u00f6l\u00e7\u00fc b\u00fcy\u00fctmesi gibi i\u015flemlerde kullanmak \u00fczere ihtiya\u00e7 duyulan malzeme ve \u00fcr\u00fcnlerin tedari\u011fi i\u00e7in kaliteli ve uygun bir \u015fekilde firmam\u0131zdan sa\u011flayabilirsiniz.","protected":false},"excerpt":{"rendered":"","protected":false},"author":1,"featured_media":0,"parent":0,"menu_order":0,"comment_status":"closed","ping_status":"closed","template":"","meta":{"_monsterinsights_skip_tracking":false,"_monsterinsights_sitenote_active":false,"_monsterinsights_sitenote_note":"","_monsterinsights_sitenote_category":0,"footnotes":""},"class_list":["post-99","page","type-page","status-publish","hentry"],"_links":{"self":[{"href":"https:\/\/seltas.com\/en\/wp-json\/wp\/v2\/pages\/99","targetHints":{"allow":["GET"]}}],"collection":[{"href":"https:\/\/seltas.com\/en\/wp-json\/wp\/v2\/pages"}],"about":[{"href":"https:\/\/seltas.com\/en\/wp-json\/wp\/v2\/types\/page"}],"author":[{"embeddable":true,"href":"https:\/\/seltas.com\/en\/wp-json\/wp\/v2\/users\/1"}],"replies":[{"embeddable":true,"href":"https:\/\/seltas.com\/en\/wp-json\/wp\/v2\/comments?post=99"}],"version-history":[{"count":60,"href":"https:\/\/seltas.com\/en\/wp-json\/wp\/v2\/pages\/99\/revisions"}],"predecessor-version":[{"id":769,"href":"https:\/\/seltas.com\/en\/wp-json\/wp\/v2\/pages\/99\/revisions\/769"}],"wp:attachment":[{"href":"https:\/\/seltas.com\/en\/wp-json\/wp\/v2\/media?parent=99"}],"curies":[{"name":"wp","href":"https:\/\/api.w.org\/{rel}","templated":true}]}}