{"id":197,"date":"2022-02-14T08:45:47","date_gmt":"2022-02-14T08:45:47","guid":{"rendered":"https:\/\/seltas.com\/about\/"},"modified":"2022-04-19T19:20:01","modified_gmt":"2022-04-19T19:20:01","slug":"sicak-baski-kaliplari","status":"publish","type":"page","link":"https:\/\/seltas.com\/tr\/sicak-baski-kaliplari\/","title":{"rendered":"SICAK BASKI KALIPLARI"},"content":{"rendered":"\n\n\nSICAK BASKI KALIPLARI\nPirin\u00e7, bak\u0131r gibi s\u0131cak formda presleme y\u00f6ntemi ile yap\u0131lan i\u015flemlerde kullan\u0131lan haddelerdir. tungsten karb\u00fcr, inconel benzeri fakl\u0131 \u00e7ekirdek yap\u0131lar\u0131 ile haz\u0131rlanan haddeler, sicak i\u015f \u00e7eliklerinden daha verimli \u00e7al\u0131\u015farak, kal\u0131p \u00f6mr\u00fc, hammadde kalitesi olarak m\u00fc\u015fteriye art\u0131 gelir sa\u011flan\u0131r.\n\n\n\n\nn\n\n\n\n\n\n\n<h6>Selta\u015f Hadde&#8217;nin t\u00fcm \u00fcr\u00fcnleri gibi bu \u00fcr\u00fcnler de en y\u00fcksek kalite ve hassasiyet standartlar\u0131yla \u00fcretilmektedir. Taleplerinize g\u00f6re imalat yap\u0131labilmektedir.<\/h6>\n\n\n\n\n\n\n\n\n\n","protected":false},"excerpt":{"rendered":"","protected":false},"author":1,"featured_media":0,"parent":0,"menu_order":0,"comment_status":"closed","ping_status":"closed","template":"","meta":{"_monsterinsights_skip_tracking":false,"_monsterinsights_sitenote_active":false,"_monsterinsights_sitenote_note":"","_monsterinsights_sitenote_category":0,"footnotes":""},"class_list":["post-197","page","type-page","status-publish","hentry"],"_links":{"self":[{"href":"https:\/\/seltas.com\/tr\/wp-json\/wp\/v2\/pages\/197","targetHints":{"allow":["GET"]}}],"collection":[{"href":"https:\/\/seltas.com\/tr\/wp-json\/wp\/v2\/pages"}],"about":[{"href":"https:\/\/seltas.com\/tr\/wp-json\/wp\/v2\/types\/page"}],"author":[{"embeddable":true,"href":"https:\/\/seltas.com\/tr\/wp-json\/wp\/v2\/users\/1"}],"replies":[{"embeddable":true,"href":"https:\/\/seltas.com\/tr\/wp-json\/wp\/v2\/comments?post=197"}],"version-history":[{"count":6,"href":"https:\/\/seltas.com\/tr\/wp-json\/wp\/v2\/pages\/197\/revisions"}],"predecessor-version":[{"id":760,"href":"https:\/\/seltas.com\/tr\/wp-json\/wp\/v2\/pages\/197\/revisions\/760"}],"wp:attachment":[{"href":"https:\/\/seltas.com\/tr\/wp-json\/wp\/v2\/media?parent=197"}],"curies":[{"name":"wp","href":"https:\/\/api.w.org\/{rel}","templated":true}]}}