{"id":206,"date":"2022-02-14T08:47:59","date_gmt":"2022-02-14T08:47:59","guid":{"rendered":"https:\/\/seltas.com\/about\/"},"modified":"2022-04-19T19:20:29","modified_gmt":"2022-04-19T19:20:29","slug":"kablo-cekimi-icin-ayna-ve-nipel","status":"publish","type":"page","link":"https:\/\/seltas.com\/tr\/kablo-cekimi-icin-ayna-ve-nipel\/","title":{"rendered":"KABLO \u00c7EK\u0130M\u0130 \u0130\u00c7\u0130N AYNA VE N\u0130PEL"},"content":{"rendered":"\n\n\nKABLO \u00c7EK\u0130M\u0130 \u0130\u00c7\u0130N AYNA VE N\u0130PEL\nEktrisyon imalinde, tellerin plastik t\u00fcr\u00fc malzeme ile kaplanarak \u00e7ekilmesinde kullan\u0131l\u0131r. En yayg\u0131n kullan\u0131lam\u0131  yerleri elektrik kablolar\u0131  ve \u00e7it imalat\u0131 yapan firmalar\u0131n ektrusyon makinalar\u0131d\u0131r. Tekli,\u00e7ift,yass\u0131, \u00e7ok delikli gibi farkl\u0131 talepleri ,deneyimlerimiz sayesinde sizlere \u00f6zel \u00e7elikten, karb\u00fcr u\u00e7lu yada yekpare karb\u00fcr olarak en uygun \u00fcr\u00fcnleri sunuyoruz.\n\n\n\n\nn\n\n\n\n\n\n\n<h6>Selta\u015f Hadde&#8217;nin t\u00fcm \u00fcr\u00fcnleri gibi bu \u00fcr\u00fcnler de en y\u00fcksek kalite ve hassasiyet standartlar\u0131yla \u00fcretilmektedir. Taleplerinize g\u00f6re imalat yap\u0131labilmektedir.<\/h6>\n\n\n\n\n\n\n\n\n\n","protected":false},"excerpt":{"rendered":"","protected":false},"author":1,"featured_media":0,"parent":0,"menu_order":0,"comment_status":"closed","ping_status":"closed","template":"","meta":{"_monsterinsights_skip_tracking":false,"_monsterinsights_sitenote_active":false,"_monsterinsights_sitenote_note":"","_monsterinsights_sitenote_category":0,"footnotes":""},"class_list":["post-206","page","type-page","status-publish","hentry"],"_links":{"self":[{"href":"https:\/\/seltas.com\/tr\/wp-json\/wp\/v2\/pages\/206","targetHints":{"allow":["GET"]}}],"collection":[{"href":"https:\/\/seltas.com\/tr\/wp-json\/wp\/v2\/pages"}],"about":[{"href":"https:\/\/seltas.com\/tr\/wp-json\/wp\/v2\/types\/page"}],"author":[{"embeddable":true,"href":"https:\/\/seltas.com\/tr\/wp-json\/wp\/v2\/users\/1"}],"replies":[{"embeddable":true,"href":"https:\/\/seltas.com\/tr\/wp-json\/wp\/v2\/comments?post=206"}],"version-history":[{"count":7,"href":"https:\/\/seltas.com\/tr\/wp-json\/wp\/v2\/pages\/206\/revisions"}],"predecessor-version":[{"id":761,"href":"https:\/\/seltas.com\/tr\/wp-json\/wp\/v2\/pages\/206\/revisions\/761"}],"wp:attachment":[{"href":"https:\/\/seltas.com\/tr\/wp-json\/wp\/v2\/media?parent=206"}],"curies":[{"name":"wp","href":"https:\/\/api.w.org\/{rel}","templated":true}]}}