{"id":40,"date":"2022-02-07T12:44:29","date_gmt":"2022-02-07T12:44:29","guid":{"rendered":"https:\/\/seltas.com\/contact\/"},"modified":"2022-03-31T16:14:31","modified_gmt":"2022-03-31T16:14:31","slug":"iletisim","status":"publish","type":"page","link":"https:\/\/seltas.com\/tr\/iletisim\/","title":{"rendered":"\u0130LET\u0130\u015e\u0130M"},"content":{"rendered":"\n\n\n<h4><strong>B\u0130ZE ULA\u015eIN<\/strong><\/h4>\n\n<p>SELTA\u015e HADDE VE KALIP MAK\u0130NA SAN.T\u0130C.LTD.\u015eT\u0130<\/p>\n\n\n\n\n\n\n\n\n\nDefterdar, Me\u015fatl\u0131k Sk. No:4 D:6, Ey\u00fcpsultan\/\u0130stanbul\n\n\n","protected":false},"excerpt":{"rendered":"","protected":false},"author":1,"featured_media":0,"parent":0,"menu_order":0,"comment_status":"closed","ping_status":"closed","template":"","meta":{"_monsterinsights_skip_tracking":false,"_monsterinsights_sitenote_active":false,"_monsterinsights_sitenote_note":"","_monsterinsights_sitenote_category":0,"footnotes":""},"class_list":["post-40","page","type-page","status-publish","hentry"],"_links":{"self":[{"href":"https:\/\/seltas.com\/tr\/wp-json\/wp\/v2\/pages\/40","targetHints":{"allow":["GET"]}}],"collection":[{"href":"https:\/\/seltas.com\/tr\/wp-json\/wp\/v2\/pages"}],"about":[{"href":"https:\/\/seltas.com\/tr\/wp-json\/wp\/v2\/types\/page"}],"author":[{"embeddable":true,"href":"https:\/\/seltas.com\/tr\/wp-json\/wp\/v2\/users\/1"}],"replies":[{"embeddable":true,"href":"https:\/\/seltas.com\/tr\/wp-json\/wp\/v2\/comments?post=40"}],"version-history":[{"count":13,"href":"https:\/\/seltas.com\/tr\/wp-json\/wp\/v2\/pages\/40\/revisions"}],"predecessor-version":[{"id":694,"href":"https:\/\/seltas.com\/tr\/wp-json\/wp\/v2\/pages\/40\/revisions\/694"}],"wp:attachment":[{"href":"https:\/\/seltas.com\/tr\/wp-json\/wp\/v2\/media?parent=40"}],"curies":[{"name":"wp","href":"https:\/\/api.w.org\/{rel}","templated":true}]}}