{"id":41,"date":"2022-02-07T12:44:30","date_gmt":"2022-02-07T12:44:30","guid":{"rendered":"https:\/\/seltas.com\/service\/"},"modified":"2022-03-16T08:04:29","modified_gmt":"2022-03-16T08:04:29","slug":"cozum-ortaklarimiz","status":"publish","type":"page","link":"https:\/\/seltas.com\/tr\/cozum-ortaklarimiz\/","title":{"rendered":"\u00c7\u00d6Z\u00dcM ORTAKLARIMIZ"},"content":{"rendered":"\n\n\n<h4>\u00c7\u00d6Z\u00dcM ORTAKLARIMIZ<\/h4>\n\n\n\n","protected":false},"excerpt":{"rendered":"","protected":false},"author":1,"featured_media":0,"parent":0,"menu_order":0,"comment_status":"closed","ping_status":"closed","template":"","meta":{"_monsterinsights_skip_tracking":false,"_monsterinsights_sitenote_active":false,"_monsterinsights_sitenote_note":"","_monsterinsights_sitenote_category":0,"footnotes":""},"class_list":["post-41","page","type-page","status-publish","hentry"],"_links":{"self":[{"href":"https:\/\/seltas.com\/tr\/wp-json\/wp\/v2\/pages\/41","targetHints":{"allow":["GET"]}}],"collection":[{"href":"https:\/\/seltas.com\/tr\/wp-json\/wp\/v2\/pages"}],"about":[{"href":"https:\/\/seltas.com\/tr\/wp-json\/wp\/v2\/types\/page"}],"author":[{"embeddable":true,"href":"https:\/\/seltas.com\/tr\/wp-json\/wp\/v2\/users\/1"}],"replies":[{"embeddable":true,"href":"https:\/\/seltas.com\/tr\/wp-json\/wp\/v2\/comments?post=41"}],"version-history":[{"count":8,"href":"https:\/\/seltas.com\/tr\/wp-json\/wp\/v2\/pages\/41\/revisions"}],"predecessor-version":[{"id":552,"href":"https:\/\/seltas.com\/tr\/wp-json\/wp\/v2\/pages\/41\/revisions\/552"}],"wp:attachment":[{"href":"https:\/\/seltas.com\/tr\/wp-json\/wp\/v2\/media?parent=41"}],"curies":[{"name":"wp","href":"https:\/\/api.w.org\/{rel}","templated":true}]}}