{"id":42,"date":"2022-02-07T12:44:30","date_gmt":"2022-02-07T12:44:30","guid":{"rendered":"https:\/\/seltas.com\/home\/"},"modified":"2022-04-19T13:54:34","modified_gmt":"2022-04-19T13:54:34","slug":"anasayfa","status":"publish","type":"page","link":"https:\/\/seltas.com\/tr\/","title":{"rendered":"ANASAYFA"},"content":{"rendered":"\n\n\n<h2>SELTA\u015e HADDE KALIP VE MAK\u0130NA<\/h2>\n\n<p>Selta\u015f Hadde olarak sekt\u00f6rde ihtiya\u00e7 duyulan bir\u00e7ok \u00fcr\u00fcn grubunun \u00fcretimini ger\u00e7ekle\u015ftirmekteyiz.<br><\/p>\n<p>Hadde imalat\u0131 ile ilgili ihtiya\u00e7lar olan tel \u00e7ekme haddesi, \u00e7elik has\u0131r haddesi, so\u011fuk \u00e7ekme haddesi, bak\u0131r b\u00fck\u00fcm haddesi, civata tel \u00e7ekim haddesi, bak\u0131r tel \u00e7ekim haddesi, s\u0131cak bask\u0131 kal\u0131b\u0131(ekstr\u00fczyon bask\u0131 kal\u0131b\u0131), pcd hadde, profil so\u011fuk \u00e7ekme haddesi, karb\u00fcr hadde(tungsten carbide), hadde e\u011fesi, parlatma macunlar\u0131 ve hadde imalatlar\u0131m\u0131z ile her zaman yan\u0131n\u0131zday\u0131z.\n<\/p>\n\n\n\n\n\n\n\n\n\n<h4>\n<\/h4><p style=\"text-align: center;\">\u015e\u0130RKET\u0130M\u0130Z HER T\u00dcRL\u00dc HADDE VE KALIP \u0130MALATI, METAL DI\u015eI MADDELER\u0130N A\u015eINDIRILMASI VE PARLATILMASI, BU \u0130\u015eLEMLERDE KULLANILAN SENTET\u0130K ELMAS MADDELER\u0130N, E\u011eELER, TA\u015eLAMA TAKIMLARI PARLATMA PASTALARI \u0130LE EK\u0130PMANLARININ, METALLER\u0130N \u015eEK\u0130LLEND\u0130R\u0130LMES\u0130NDE KULLANILAN HER T\u00dcRL\u00dc KALIP VE HADDELER\u0130N \u0130MAL\u0130, \u0130THAL\u0130 ALIM VE SATIMINI YAPMAKTADIR. ;<\/p>\n<p>Pek \u00e7ok farkl\u0131 \u00fcr\u00fcn ile sizlere en kaliteli se\u00e7enekleri sunan firmam\u0131z\u0131n \u00fcr\u00fcn kataloglar\u0131nda farkl\u0131 alanlarda de\u011ferlendirebilece\u011finiz \u00fcr\u00fcnler sizlere sunulmaktad\u0131r.<\/p>\n\n\n\n\n\n\n\nSelta\u015f Hadde olarak demir-\u00e7elik \u00e7ekme sekt\u00f6r\u00fcnde ihtiya\u00e7 duyulan kal\u0131plar\u0131n \u00fcretimini firmam\u0131z b\u00fcnyesinde ISO 9001:2022 normlar\u0131nda ger\u00e7ekle\u015ftirmekteyiz.\n\n\nKullan\u0131m alan\u0131 \u00e7e\u015fitlerine g\u00f6re hadde \u00fcr\u00fcnlerinin \u00fcretimi de farkl\u0131l\u0131k g\u00f6stermekte olup, istenilen \u00f6l\u00e7\u00fc ve \u00e7aplara g\u00f6re hadde \u00fcretimi yap\u0131lmaktad\u0131r.\n\n\nHem el hem de motor ile kullan\u0131m\u0131na g\u00f6re amaca hizmet eden birbirinden farkl\u0131 hadde ve \u00fcr\u00fcnler imal edilmektedir.\n\n\n\n\n\n\n\nKAL\u0130TE POL\u0130T\u0130KASI\n<p style=\"text-align: center;\">T\u00fcm Selta\u015f Hadde Kalip ve Makina Sanayi \u00e7al\u0131\u015fanlar\u0131 olarak; m\u00fc\u015fterimiz konumundaki herkesin mevcut ve gelecekteki istek ve ihtiya\u00e7lar\u0131na m\u00fcmk\u00fcn olan en \u00fcst seviyede kar\u015f\u0131layacak kalitede \u00fcr\u00fcnleri;<\/p>\n\n\n\n\n\nM\u00fcmk\u00fcn olan en y\u00fcksek kaliteyle&nbsp;\nM\u00fcmk\u00fcn olan en k\u0131sa s\u00fcrede\nM\u00fcmk\u00fcn olan en uygun fiyatla\nM\u00fcmk\u00fcn olan en iyi \u00fcretim ko\u015fullar\u0131nda&nbsp;\nSa\u011flam ve s\u00fcrekli geli\u015fen bir kalite sistemiyle&nbsp;\nTemiz, d\u00fczenli ve g\u00fcvenilir bir \u00e7al\u0131\u015fma ortam\u0131nda&nbsp;\nSekt\u00f6r\u00fcm\u00fczdeki yasal \u015fartlar\u0131 yerine getirerek kar\u015f\u0131l\u0131kl\u0131 sevgi, sayg\u0131, s\u00fcrekli geli\u015fme ve e\u011fitim temelleri \u00fczerine oturmu\u015f kurum k\u00fclt\u00fcr\u00fcne sahip gayretli \u00e7al\u0131\u015fanlar\u0131m\u0131zla ger\u00e7ekle\u015ftirmek\nModern i\u015fletmecilik anlay\u0131\u015f\u0131m\u0131zla sa\u011flad\u0131\u011f\u0131m\u0131z g\u00fcveni her ge\u00e7en g\u00fcn artan bir seyirle s\u00fcrd\u00fcrebilmektedir.\n\n\n\n\n\n\n\n\n\n\n\n\n\n\n\n\n\n\n\n\n\n","protected":false},"excerpt":{"rendered":"","protected":false},"author":1,"featured_media":0,"parent":0,"menu_order":0,"comment_status":"closed","ping_status":"closed","template":"","meta":{"_monsterinsights_skip_tracking":false,"_monsterinsights_sitenote_active":false,"_monsterinsights_sitenote_note":"","_monsterinsights_sitenote_category":0,"footnotes":""},"class_list":["post-42","page","type-page","status-publish","hentry"],"_links":{"self":[{"href":"https:\/\/seltas.com\/tr\/wp-json\/wp\/v2\/pages\/42","targetHints":{"allow":["GET"]}}],"collection":[{"href":"https:\/\/seltas.com\/tr\/wp-json\/wp\/v2\/pages"}],"about":[{"href":"https:\/\/seltas.com\/tr\/wp-json\/wp\/v2\/types\/page"}],"author":[{"embeddable":true,"href":"https:\/\/seltas.com\/tr\/wp-json\/wp\/v2\/users\/1"}],"replies":[{"embeddable":true,"href":"https:\/\/seltas.com\/tr\/wp-json\/wp\/v2\/comments?post=42"}],"version-history":[{"count":42,"href":"https:\/\/seltas.com\/tr\/wp-json\/wp\/v2\/pages\/42\/revisions"}],"predecessor-version":[{"id":731,"href":"https:\/\/seltas.com\/tr\/wp-json\/wp\/v2\/pages\/42\/revisions\/731"}],"wp:attachment":[{"href":"https:\/\/seltas.com\/tr\/wp-json\/wp\/v2\/media?parent=42"}],"curies":[{"name":"wp","href":"https:\/\/api.w.org\/{rel}","templated":true}]}}