{"id":43,"date":"2022-02-07T12:44:30","date_gmt":"2022-02-07T12:44:30","guid":{"rendered":"https:\/\/seltas.com\/about\/"},"modified":"2022-03-17T09:46:12","modified_gmt":"2022-03-17T09:46:12","slug":"hakkimizda","status":"publish","type":"page","link":"https:\/\/seltas.com\/tr\/hakkimizda\/","title":{"rendered":"HAKKIMIZDA"},"content":{"rendered":"\n\n\n<h4>D\u00fcnden bug\u00fcne&#8230;<\/h4>\n\n<p><strong>\n\n1969<\/strong> y\u0131l\u0131nda <strong>Selahittin Ta\u015f<\/strong> taraf\u0131ndan k\u00fc\u00e7\u00fck bir atolyede faaliyetine ba\u015flayan firmam\u0131z 2008 y\u0131l\u0131na kadar \u015fah\u0131\u015f \u015firketi olarak faaliyetini s\u00fcrd\u00fcrm\u00fc\u015ft\u00fcr. 2008 y\u0131l\u0131ndan sonra geli\u015fip b\u00fcy\u00fcmeyi hedefleyerek; <strong>Limited \u015eirketi<\/strong> olarak faaliyetlerine devam etmi\u015ftir.\n<\/p>\n<p>\nFaaliyetlerine ba\u015flad\u0131\u011f\u0131 ilk g\u00fcnden itibaren kaliteli \u00fcr\u00fcn ve iyi hizmet felsefesini benimsemi\u015f, ad\u0131mlar\u0131n\u0131 bu do\u011frultuda atm\u0131\u015ft\u0131r. E\u011fitimli ve<strong> tecr\u00fcbeli personeli<\/strong> ile hizmet vermeye devam etmektedir. Geride b\u0131rakt\u0131\u011f\u0131 uzun y\u0131llar\u0131n sonunda hedeflerine b\u00fcy\u00fcyerek yakla\u015fm\u0131\u015ft\u0131r. <\/p>\n<p>. <\/p>\n\n\n\n\n\n\n\n\n\n\n\n\n\n<p>M\u00fc\u015fterilerimizin de\u011fi\u015fen ihtiya\u00e7lar\u0131n\u0131n fark\u0131nda olarak, esnek yap\u0131m\u0131zla \u00f6nc\u00fc ve yarat\u0131c\u0131 \u00e7\u00f6z\u00fcmler \u00fcreterek en iyiyi, \u00fcst\u00fcn kaliteyi, \u00e7evreye sayg\u0131 duyarak, insan kaynaklar\u0131na y\u00fcksek \u00f6nem vererek m\u00fc\u015fterilerine ula\u015ft\u0131rmay\u0131 hedefliyoruz.<\/p>\n\n\n<p>\u0130\u015fimizi bir b\u00fct\u00fcn olarak t\u00fcm detaylar\u0131 ile &#8220;M\u00dcKEMMEL&#8221; yapmak, M\u00fc\u015fterilerimizi &#8220;KO\u015eULSUZ MEMNUN ETMEK&#8221;, Etik De\u011ferleri&#8221;ne y\u00fczde y\u00fcz ba\u011fl\u0131 olmak, Kendimizi ve ekibimizi s\u00fcrekli &#8220;GEL\u0130\u015eT\u0130RMEK&#8221;, Markam\u0131z\u0131n itibar ve prestijini s\u00fcrekli olarak &#8220;Y\u00dcCELTMEK&#8221;.<\/p>\n\n\n<p>Sekt\u00f6rdeki liderlik sorumlulu\u011fu ile, g\u00fc\u00e7l\u00fc teknik miras\u0131 y\u00fcksek \u00fcretim kapasitesi ile harmanlamak. Tasar\u0131mdan, \u00fcretim ve da\u011f\u0131t\u0131m a\u015famalar\u0131na kadar t\u00fcm s\u00fcreci ba\u015far\u0131yla y\u00f6netmek.<\/p>\n\n\n\n\n\n\n\n\n\n\n","protected":false},"excerpt":{"rendered":"","protected":false},"author":1,"featured_media":0,"parent":0,"menu_order":0,"comment_status":"closed","ping_status":"closed","template":"","meta":{"_monsterinsights_skip_tracking":false,"_monsterinsights_sitenote_active":false,"_monsterinsights_sitenote_note":"","_monsterinsights_sitenote_category":0,"footnotes":""},"class_list":["post-43","page","type-page","status-publish","hentry"],"_links":{"self":[{"href":"https:\/\/seltas.com\/tr\/wp-json\/wp\/v2\/pages\/43","targetHints":{"allow":["GET"]}}],"collection":[{"href":"https:\/\/seltas.com\/tr\/wp-json\/wp\/v2\/pages"}],"about":[{"href":"https:\/\/seltas.com\/tr\/wp-json\/wp\/v2\/types\/page"}],"author":[{"embeddable":true,"href":"https:\/\/seltas.com\/tr\/wp-json\/wp\/v2\/users\/1"}],"replies":[{"embeddable":true,"href":"https:\/\/seltas.com\/tr\/wp-json\/wp\/v2\/comments?post=43"}],"version-history":[{"count":18,"href":"https:\/\/seltas.com\/tr\/wp-json\/wp\/v2\/pages\/43\/revisions"}],"predecessor-version":[{"id":606,"href":"https:\/\/seltas.com\/tr\/wp-json\/wp\/v2\/pages\/43\/revisions\/606"}],"wp:attachment":[{"href":"https:\/\/seltas.com\/tr\/wp-json\/wp\/v2\/media?parent=43"}],"curies":[{"name":"wp","href":"https:\/\/api.w.org\/{rel}","templated":true}]}}